{"id":166984,"date":"2025-12-29T21:39:03","date_gmt":"2025-12-29T21:39:03","guid":{"rendered":"https:\/\/bluemonk.dev\/entremuros\/?page_id=166984"},"modified":"2026-03-05T16:04:46","modified_gmt":"2026-03-05T16:04:46","slug":"el-lugar","status":"publish","type":"page","link":"https:\/\/bluemonk.dev\/entremuros\/el-lugar\/","title":{"rendered":"El lugar"},"content":{"rendered":"<div class=\"wpb-content-wrapper\"><p>[vc_row row_height_percent=\u00bb70&#8243; override_padding=\u00bbyes\u00bb h_padding=\u00bb2&#8243; top_padding=\u00bb5&#8243; bottom_padding=\u00bb5&#8243; back_color=\u00bbcolor-jevc\u00bb back_image=\u00bb166370&#8243; overlay_color=\u00bbcolor-jevc\u00bb overlay_alpha=\u00bb58&#8243; gutter_size=\u00bb3&#8243; column_width_percent=\u00bb100&#8243; shift_y=\u00bb0&#8243; z_index=\u00bb0&#8243; top_divider=\u00bbgradient\u00bb content_parallax=\u00bb0&#8243; uncode_shortcode_id=\u00bb160096&#8243; back_color_type=\u00bbuncode-palette\u00bb overlay_color_type=\u00bbuncode-palette\u00bb][vc_column column_width_percent=\u00bb100&#8243; position_vertical=\u00bbmiddle\u00bb align_horizontal=\u00bbalign_center\u00bb gutter_size=\u00bb2&#8243; style=\u00bbdark\u00bb overlay_alpha=\u00bb50&#8243; shift_x=\u00bb0&#8243; shift_y=\u00bb0&#8243; shift_y_down=\u00bb0&#8243; z_index=\u00bb0&#8243; medium_width=\u00bb0&#8243; mobile_width=\u00bb0&#8243; width=\u00bb1\/1&#8243; uncode_shortcode_id=\u00bb139635&#8243;][vc_empty_space empty_h=\u00bb3&#8243;][vc_custom_heading text_color=\u00bbcolor-207564&#8243; text_font=\u00bbfont-136269&#8243; text_size=\u00bbh5&#8243; text_weight=\u00bb500&#8243; text_transform=\u00bbuppercase\u00bb text_space=\u00bbfontspace-135905&#8243; css_animation=\u00bbcurtain\u00bb animation_speed=\u00bb1000&#8243; animation_delay=\u00bb200&#8243; interval_animation=\u00bb40&#8243; uncode_shortcode_id=\u00bb153401&#8243; text_color_type=\u00bbuncode-palette\u00bb]el lugar[\/vc_custom_heading][vc_custom_heading text_font=\u00bbfont-136269&#8243; text_size=\u00bbfontsize-210105&#8243; text_weight=\u00bb300&#8243; text_height=\u00bbfontheight-179065&#8243; sub_lead=\u00bbyes\u00bb sub_reduced=\u00bbyes\u00bb uncode_shortcode_id=\u00bb139867&#8243;]Recuperaci\u00f3n hist\u00f3rica<br \/>\ny arquitectura contempor\u00e1nea[\/vc_custom_heading][vc_empty_space empty_h=\u00bb3&#8243;][vc_button button_color=\u00bbcolor-207564&#8243; radius=\u00bbbtn-square\u00bb outline=\u00bbyes\u00bb custom_typo=\u00bbyes\u00bb font_family=\u00bbfont-136269&#8243; font_weight=\u00bb500&#8243; letter_spacing=\u00bbfontspace-135905&#8243; border_width=\u00bb0&#8243; scale_mobile=\u00bbno\u00bb link=\u00bburl:https%3A%2F%2Fbluemonk.dev%2Fentremuros%2Fcotizar%2F|title:Cotizar\u00bb uncode_shortcode_id=\u00bb342389&#8243; button_color_type=\u00bbuncode-palette\u00bb]COTIZAR[\/vc_button][\/vc_column][\/vc_row][vc_row unlock_row_content=\u00bbyes\u00bb row_height_percent=\u00bb0&#8243; override_padding=\u00bbyes\u00bb h_padding=\u00bb0&#8243; top_padding=\u00bb0&#8243; bottom_padding=\u00bb0&#8243; back_color=\u00bbcolor-xsdn\u00bb overlay_alpha=\u00bb50&#8243; equal_height=\u00bbyes\u00bb gutter_size=\u00bb0&#8243; column_width_percent=\u00bb100&#8243; shift_y=\u00bb0&#8243; z_index=\u00bb0&#8243; content_parallax=\u00bb0&#8243; uncode_shortcode_id=\u00bb160748&#8243; back_color_type=\u00bbuncode-palette\u00bb][vc_column column_width_use_pixel=\u00bbyes\u00bb gutter_size=\u00bb3&#8243; override_padding=\u00bbyes\u00bb column_padding=\u00bb5&#8243; overlay_alpha=\u00bb50&#8243; shift_x=\u00bb0&#8243; shift_y=\u00bb0&#8243; shift_y_down=\u00bb0&#8243; z_index=\u00bb0&#8243; medium_width=\u00bb0&#8243; mobile_width=\u00bb0&#8243; width=\u00bb1\/2&#8243; column_width_pixel=\u00bb600&#8243; uncode_shortcode_id=\u00bb474839&#8243;][vc_custom_heading text_color=\u00bbaccent\u00bb text_font=\u00bbfont-136269&#8243; text_size=\u00bbh5&#8243; text_weight=\u00bb500&#8243; text_transform=\u00bbuppercase\u00bb text_space=\u00bbfontspace-135905&#8243; css_animation=\u00bbcurtain\u00bb animation_speed=\u00bb1000&#8243; animation_delay=\u00bb200&#8243; interval_animation=\u00bb40&#8243; uncode_shortcode_id=\u00bb538895&#8243; text_color_type=\u00bbuncode-palette\u00bb]patrimonio[\/vc_custom_heading][vc_custom_heading text_size=\u00bbfontsize-997648&#8243; uncode_shortcode_id=\u00bb862615&#8243;]Dise\u00f1o de vanguardia, personalizable y con amplias terrazas entre muros hist\u00f3ricos.[\/vc_custom_heading][vc_column_text text_lead=\u00bbyes\u00bb uncode_shortcode_id=\u00bb891310&#8243;]Entremuros se ubica en la hist\u00f3rica \u201cCasona P\u00edo D\u00edaz de Vald\u00e9s\u201d levantada sobre una colina por la familia Carrera (el siglo XIX). Se restauraron los muros originales y hoy son tel\u00f3n de fondo de un lugar vanguardista, que revive el recuerdo de nuestra historia.[\/vc_column_text][vc_empty_space empty_h=\u00bb1&#8243;][vc_row_inner][vc_column_inner column_width_percent=\u00bb100&#8243; gutter_size=\u00bb3&#8243; overlay_alpha=\u00bb50&#8243; shift_x=\u00bb0&#8243; shift_y=\u00bb0&#8243; shift_y_down=\u00bb0&#8243; z_index=\u00bb0&#8243; medium_width=\u00bb4&#8243; mobile_width=\u00bb0&#8243; width=\u00bb1\/2&#8243;][vc_empty_space empty_h=\u00bb2&#8243;][vc_custom_heading text_color=\u00bbcolor-prif\u00bb heading_semantic=\u00bbh3&#8243; text_size=\u00bbh4&#8243; sub_lead=\u00bbyes\u00bb sub_reduced=\u00bbyes\u00bb subheading=\u00bbCercan\u00eda y excelente accesibilidad a las comunas del sector oriente, Chicureo y centro de Santiago, a trav\u00e9s de las principales autopistas. A 7 minutos de Vitacura.\u00bb uncode_shortcode_id=\u00bb193096&#8243; text_color_type=\u00bbuncode-palette\u00bb]Ubicaci\u00f3n[\/vc_custom_heading][vc_button button_color=\u00bbaccent\u00bb size=\u00bblink\u00bb btn_link_size=\u00bbh5&#8243; btn_link_underline=\u00bbbtn-underline-out\u00bb custom_typo=\u00bbyes\u00bb font_family=\u00bbfont-136269&#8243; font_weight=\u00bb500&#8243; letter_spacing=\u00bbfontspace-781688&#8243; icon_position=\u00bbright\u00bb scale_mobile=\u00bbno\u00bb uncode_shortcode_id=\u00bb207516&#8243; icon=\u00bbfa fa-arrow-right2&#8243; button_color_type=\u00bbuncode-palette\u00bb link=\u00bburl:https%3A%2F%2Fmaps.app.goo.gl%2FuUgwzMx7o7d82Sdt6|target:_blank\u00bb]Ver mapa[\/vc_button][\/vc_column_inner][vc_column_inner column_width_percent=\u00bb100&#8243; gutter_size=\u00bb3&#8243; overlay_alpha=\u00bb50&#8243; shift_x=\u00bb0&#8243; shift_y=\u00bb0&#8243; shift_y_down=\u00bb0&#8243; z_index=\u00bb0&#8243; medium_width=\u00bb4&#8243; mobile_width=\u00bb0&#8243; width=\u00bb1\/2&#8243;][vc_empty_space empty_h=\u00bb2&#8243;][vc_custom_heading text_color=\u00bbcolor-prif\u00bb heading_semantic=\u00bbh3&#8243; text_size=\u00bbh4&#8243; sub_lead=\u00bbyes\u00bb sub_reduced=\u00bbyes\u00bb subheading=\u00bbEl proyecto es de los arquitectos Tom\u00e1s Swett y Gonzalo de la Parra quienes dise\u00f1aron un centro de eventos, que mantiene la esencia de lo que fue esa antigua edificaci\u00f3n.\u00bb uncode_shortcode_id=\u00bb375649&#8243; text_color_type=\u00bbuncode-palette\u00bb]Arquitectos[\/vc_custom_heading][vc_button button_color=\u00bbaccent\u00bb size=\u00bblink\u00bb btn_link_size=\u00bbh5&#8243; btn_link_underline=\u00bbbtn-underline-out\u00bb custom_typo=\u00bbyes\u00bb font_family=\u00bbfont-136269&#8243; font_weight=\u00bb500&#8243; letter_spacing=\u00bbfontspace-781688&#8243; icon_position=\u00bbright\u00bb scale_mobile=\u00bbno\u00bb uncode_shortcode_id=\u00bb407525&#8243; icon=\u00bbfa fa-arrow-right2&#8243; button_color_type=\u00bbuncode-palette\u00bb link=\u00bburl:https%3A%2F%2Fwww.triangular.cl%2Fproyectos%2Fcentro-de-eventos-huechuraba|target:_blank\u00bb]Ver Triangular[\/vc_button][\/vc_column_inner][\/vc_row_inner][\/vc_column][vc_column column_width_percent=\u00bb100&#8243; gutter_size=\u00bb1&#8243; back_image=\u00bb166451&#8243; overlay_alpha=\u00bb50&#8243; shift_x=\u00bb0&#8243; shift_y=\u00bb0&#8243; shift_y_down=\u00bb0&#8243; z_index=\u00bb0&#8243; medium_width=\u00bb0&#8243; mobile_width=\u00bb0&#8243; width=\u00bb1\/2&#8243; mobile_height=\u00bb340&#8243; uncode_shortcode_id=\u00bb206903&#8243;][\/vc_column][\/vc_row][vc_row unlock_row_content=\u00bbyes\u00bb row_height_percent=\u00bb0&#8243; override_padding=\u00bbyes\u00bb h_padding=\u00bb0&#8243; top_padding=\u00bb0&#8243; bottom_padding=\u00bb0&#8243; back_color=\u00bbcolor-xsdn\u00bb overlay_alpha=\u00bb50&#8243; equal_height=\u00bbyes\u00bb gutter_size=\u00bb0&#8243; column_width_percent=\u00bb100&#8243; shift_y=\u00bb0&#8243; z_index=\u00bb0&#8243; content_parallax=\u00bb0&#8243; uncode_shortcode_id=\u00bb160748&#8243; back_color_type=\u00bbuncode-palette\u00bb][vc_column column_width_percent=\u00bb100&#8243; gutter_size=\u00bb1&#8243; back_image=\u00bb167266&#8243; overlay_alpha=\u00bb50&#8243; shift_x=\u00bb0&#8243; shift_y=\u00bb0&#8243; shift_y_down=\u00bb0&#8243; z_index=\u00bb0&#8243; medium_width=\u00bb0&#8243; mobile_width=\u00bb0&#8243; width=\u00bb1\/2&#8243; mobile_height=\u00bb340&#8243; uncode_shortcode_id=\u00bb116802&#8243;][\/vc_column][vc_column column_width_use_pixel=\u00bbyes\u00bb gutter_size=\u00bb3&#8243; override_padding=\u00bbyes\u00bb column_padding=\u00bb5&#8243; overlay_alpha=\u00bb50&#8243; shift_x=\u00bb0&#8243; shift_y=\u00bb0&#8243; shift_y_down=\u00bb0&#8243; z_index=\u00bb0&#8243; medium_width=\u00bb0&#8243; mobile_width=\u00bb0&#8243; width=\u00bb1\/2&#8243; column_width_pixel=\u00bb600&#8243; uncode_shortcode_id=\u00bb856682&#8243;][vc_row_inner][vc_column_inner width=\u00bb1\/1&#8243;][vc_custom_heading text_color=\u00bbaccent\u00bb text_font=\u00bbfont-136269&#8243; text_size=\u00bbh5&#8243; text_weight=\u00bb500&#8243; text_transform=\u00bbuppercase\u00bb text_space=\u00bbfontspace-135905&#8243; css_animation=\u00bbcurtain\u00bb animation_speed=\u00bb1000&#8243; animation_delay=\u00bb200&#8243; interval_animation=\u00bb40&#8243; uncode_shortcode_id=\u00bb367737&#8243; text_color_type=\u00bbuncode-palette\u00bb]sal\u00f3n principal[\/vc_custom_heading][vc_custom_heading text_size=\u00bbfontsize-997648&#8243; uncode_shortcode_id=\u00bb277021&#8243;]Gran capacidad y adaptabilidad del sal\u00f3n principal.[\/vc_custom_heading][vc_column_text text_lead=\u00bbyes\u00bb text_color=\u00bbcolor-prif\u00bb uncode_shortcode_id=\u00bb114295&#8243; text_color_type=\u00bbuncode-palette\u00bb]<span class=\"a_GcMg font-feature-liga-off font-feature-clig-off font-feature-calt-off text-decoration-none text-strikethrough-none\">Grandes ventanales en 360\u00b0 que permiten la conexi\u00f3n y expansi\u00f3n a terrazas y ruinas. La altura interior permite colgar cualquier tipo de iluminaci\u00f3n y decoraci\u00f3n. El sal\u00f3n no tiene pilares por lo tanto la vista es panor\u00e1mica desde todos lados, permitiendo una total flexibilidad la ubicaci\u00f3n de pista de baile, mesas, lounge y barras.<\/span>[\/vc_column_text][vc_empty_space empty_h=\u00bb1&#8243;][\/vc_column_inner][\/vc_row_inner][vc_row_inner][vc_column_inner width=\u00bb1\/2&#8243;][vc_custom_heading text_color=\u00bbcolor-prif\u00bb heading_semantic=\u00bbh3&#8243; text_size=\u00bbh4&#8243; sub_lead=\u00bbyes\u00bb sub_reduced=\u00bbyes\u00bb subheading=\u00bbSistema de calefacci\u00f3n aut\u00f3nomo y aire acondicionado (invierno y verano), operado por el equipo Entremuros.\u00bb uncode_shortcode_id=\u00bb205953&#8243; text_color_type=\u00bbuncode-palette\u00bb]Climatizaci\u00f3n[\/vc_custom_heading][\/vc_column_inner][vc_column_inner width=\u00bb1\/2&#8243;][vc_custom_heading text_color=\u00bbcolor-prif\u00bb heading_semantic=\u00bbh3&#8243; text_size=\u00bbh4&#8243; sub_lead=\u00bbyes\u00bb sub_reduced=\u00bbyes\u00bb subheading=\u00bbEl sal\u00f3n principal tiene un total de 1.020 m\u00b2 m\u00e1s 980 m\u00b2 de terrazas que se integran.\u00bb uncode_shortcode_id=\u00bb648515&#8243; text_color_type=\u00bbuncode-palette\u00bb]2.000 m\u00b2 disponibles[\/vc_custom_heading][\/vc_column_inner][\/vc_row_inner][\/vc_column][\/vc_row][vc_row unlock_row_content=\u00bbyes\u00bb row_height_percent=\u00bb0&#8243; override_padding=\u00bbyes\u00bb h_padding=\u00bb0&#8243; top_padding=\u00bb0&#8243; bottom_padding=\u00bb0&#8243; back_color=\u00bbcolor-xsdn\u00bb overlay_alpha=\u00bb50&#8243; equal_height=\u00bbyes\u00bb gutter_size=\u00bb0&#8243; column_width_percent=\u00bb100&#8243; shift_y=\u00bb0&#8243; z_index=\u00bb0&#8243; content_parallax=\u00bb0&#8243; uncode_shortcode_id=\u00bb160748&#8243; back_color_type=\u00bbuncode-palette\u00bb][vc_column column_width_use_pixel=\u00bbyes\u00bb gutter_size=\u00bb3&#8243; override_padding=\u00bbyes\u00bb column_padding=\u00bb5&#8243; style=\u00bbdark\u00bb overlay_color=\u00bbcolor-108701&#8243; overlay_alpha=\u00bb34&#8243; shift_x=\u00bb0&#8243; shift_y=\u00bb0&#8243; shift_y_down=\u00bb0&#8243; z_index=\u00bb0&#8243; medium_width=\u00bb0&#8243; mobile_width=\u00bb0&#8243; width=\u00bb1\/2&#8243; column_width_pixel=\u00bb550&#8243; uncode_shortcode_id=\u00bb154778&#8243; overlay_color_type=\u00bbuncode-palette\u00bb][vc_row_inner][vc_column_inner width=\u00bb1\/1&#8243;][vc_custom_heading text_color=\u00bbaccent\u00bb text_font=\u00bbfont-136269&#8243; text_size=\u00bbh5&#8243; text_weight=\u00bb500&#8243; text_transform=\u00bbuppercase\u00bb text_space=\u00bbfontspace-135905&#8243; css_animation=\u00bbcurtain\u00bb animation_speed=\u00bb1000&#8243; animation_delay=\u00bb200&#8243; interval_animation=\u00bb40&#8243; uncode_shortcode_id=\u00bb105940&#8243; text_color_type=\u00bbuncode-palette\u00bb]espacio novios \/ anfitriones[\/vc_custom_heading][vc_custom_heading text_size=\u00bbfontsize-997648&#8243; uncode_shortcode_id=\u00bb721077&#8243;]Contamos con una pieza de hotel y living room.[\/vc_custom_heading][vc_column_text text_lead=\u00bbyes\u00bb text_color=\u00bbcolor-prif\u00bb uncode_shortcode_id=\u00bb194245&#8243; text_color_type=\u00bbuncode-palette\u00bb]Exclusiva pieza para uso de novios o anfitriones durante el d\u00eda del evento. Los invitamos a quedarse a alojar. Tiene ba\u00f1o, tocador y cama super king. Cuenta con una salita familiar con amplio espacio para el cuidado de ni\u00f1os cercanos a la familia.[\/vc_column_text][vc_empty_space empty_h=\u00bb1&#8243;][\/vc_column_inner][\/vc_row_inner][\/vc_column][vc_column column_width_percent=\u00bb100&#8243; gutter_size=\u00bb1&#8243; back_image=\u00bb167268&#8243; overlay_alpha=\u00bb50&#8243; shift_x=\u00bb0&#8243; shift_y=\u00bb0&#8243; shift_y_down=\u00bb0&#8243; z_index=\u00bb0&#8243; medium_width=\u00bb0&#8243; mobile_width=\u00bb0&#8243; width=\u00bb1\/2&#8243; mobile_height=\u00bb340&#8243; uncode_shortcode_id=\u00bb429940&#8243;][\/vc_column][\/vc_row][vc_row unlock_row_content=\u00bbyes\u00bb row_height_percent=\u00bb0&#8243; override_padding=\u00bbyes\u00bb h_padding=\u00bb0&#8243; top_padding=\u00bb0&#8243; bottom_padding=\u00bb0&#8243; back_color=\u00bbaccent\u00bb overlay_alpha=\u00bb50&#8243; gutter_size=\u00bb0&#8243; column_width_percent=\u00bb100&#8243; shift_y=\u00bb0&#8243; z_index=\u00bb0&#8243; content_parallax=\u00bb0&#8243; uncode_shortcode_id=\u00bb357166&#8243; back_color_type=\u00bbuncode-palette\u00bb][vc_column column_width_percent=\u00bb100&#8243; align_horizontal=\u00bbalign_center\u00bb gutter_size=\u00bb3&#8243; style=\u00bbdark\u00bb overlay_alpha=\u00bb50&#8243; shift_x=\u00bb0&#8243; shift_y=\u00bb0&#8243; shift_y_down=\u00bb0&#8243; z_index=\u00bb0&#8243; medium_width=\u00bb0&#8243; mobile_width=\u00bb0&#8243; width=\u00bb1\/1&#8243; uncode_shortcode_id=\u00bb504915&#8243;][vc_row_inner row_inner_height_percent=\u00bb0&#8243; overlay_alpha=\u00bb50&#8243; equal_height=\u00bbyes\u00bb gutter_size=\u00bb0&#8243; shift_y=\u00bb0&#8243; z_index=\u00bb0&#8243; limit_content=\u00bb\u00bb][vc_column_inner column_width_percent=\u00bb100&#8243; gutter_size=\u00bb2&#8243; override_padding=\u00bbyes\u00bb column_padding=\u00bb5&#8243; style=\u00bbdark\u00bb overlay_color=\u00bbcolor-jevc\u00bb overlay_alpha=\u00bb5&#8243; shift_x=\u00bb0&#8243; shift_y=\u00bb0&#8243; shift_y_down=\u00bb0&#8243; z_index=\u00bb0&#8243; medium_width=\u00bb0&#8243; mobile_width=\u00bb0&#8243; css_animation=\u00bbalpha-anim\u00bb animation_speed=\u00bb1000&#8243; animation_delay=\u00bb200&#8243; width=\u00bb1\/3&#8243; uncode_shortcode_id=\u00bb107213&#8243; overlay_color_type=\u00bbuncode-palette\u00bb][vc_custom_heading heading_semantic=\u00bbh6&#8243; uncode_shortcode_id=\u00bb156157&#8243;]Infraestructura de nuestros servicios[\/vc_custom_heading][vc_empty_space empty_h=\u00bb2&#8243; medium_visibility=\u00bbyes\u00bb mobile_visibility=\u00bbyes\u00bb][vc_custom_heading text_size=\u00bbh5&#8243; text_weight=\u00bb400&#8243; sub_lead=\u00bbyes\u00bb sub_reduced=\u00bbyes\u00bb uncode_shortcode_id=\u00bb100314&#8243;]Acceso de llegada techado ideal para novios y padrinos en d\u00edas fr\u00edos o de lluvia.<\/p>\n<p>&#8211;<\/p>\n<p>Zona de banqueter\u00eda con acceso directo y \u00e1reas de descarga especiales.<\/p>\n<p>&#8211;<\/p>\n<p>Higiene y certificaci\u00f3n de espacios (cocina) y manejos de alimentos (banqueteros).<\/p>\n<p>&#8211;<\/p>\n<p>Espacios complementarios: Guardarropia monitoreada, ba\u00f1os con accesibilidad universal, zonas de muda y lactancia, pieza y sala estar de novios.<\/p>\n<p>&#8211;<\/p>\n<p>Contamos con un equipo de aseo para ba\u00f1os durante todo el evento.<\/p>\n<p>&#8211;<\/p>\n<p>Acceso habilitado para autos, foodtrucks, etc.[\/vc_custom_heading][vc_empty_space empty_h=\u00bb3&#8243; medium_visibility=\u00bbyes\u00bb mobile_visibility=\u00bbyes\u00bb][vc_button button_color=\u00bbcolor-xsdn\u00bb size=\u00bblink\u00bb btn_link_size=\u00bbh5&#8243; btn_link_underline=\u00bbbtn-underline-out\u00bb custom_typo=\u00bbyes\u00bb font_family=\u00bbfont-846016&#8243; font_weight=\u00bb500&#8243; letter_spacing=\u00bbfontspace-781688&#8243; icon_position=\u00bbright\u00bb scale_mobile=\u00bbno\u00bb uncode_shortcode_id=\u00bb188115&#8243; icon=\u00bbfa fa-arrow-right2&#8243; button_color_type=\u00bbuncode-palette\u00bb link=\u00bburl:https%3A%2F%2Fbluemonk.dev%2Fentremuros%2Fwp-content%2Fuploads%2F2026%2F01%2FEntremuros-Brochure-Matrimonios.pdf|target:_blank\u00bb]Descargar Brochure[\/vc_button][\/vc_column_inner][vc_column_inner column_width_percent=\u00bb100&#8243; gutter_size=\u00bb2&#8243; override_padding=\u00bbyes\u00bb column_padding=\u00bb5&#8243; style=\u00bbdark\u00bb overlay_alpha=\u00bb50&#8243; shift_x=\u00bb0&#8243; shift_y=\u00bb0&#8243; shift_y_down=\u00bb0&#8243; z_index=\u00bb0&#8243; medium_width=\u00bb0&#8243; mobile_width=\u00bb0&#8243; css_animation=\u00bbalpha-anim\u00bb animation_speed=\u00bb1000&#8243; width=\u00bb1\/3&#8243; uncode_shortcode_id=\u00bb172253&#8243;][vc_custom_heading heading_semantic=\u00bbh6&#8243; uncode_shortcode_id=\u00bb163381&#8243;]Nuestra seguridad opera 24\/7[\/vc_custom_heading][vc_empty_space empty_h=\u00bb2&#8243; medium_visibility=\u00bbyes\u00bb mobile_visibility=\u00bbyes\u00bb][vc_custom_heading text_size=\u00bbh5&#8243; text_weight=\u00bb400&#8243; sub_lead=\u00bbyes\u00bb sub_reduced=\u00bbyes\u00bb uncode_shortcode_id=\u00bb146641&#8243;]Monitoreo durante todo el evento a trav\u00e9s de un circuito de c\u00e1maras de seguridad e iluminaci\u00f3n exterior (ruinas).<\/p>\n<p>&#8211;<\/p>\n<p>Plan de manejo ante emergencias (Sismos, Incendio, accidentes o ACVs en asistentes).<\/p>\n<p>&#8211;<\/p>\n<p>Presencia de Desfibrilador.<\/p>\n<p>&#8211;<\/p>\n<p>Respaldo energ\u00e9tico: Existe generador el\u00e9ctrico de 300 Kva capaz de mantener el consumo del Centro de Eventos ante un eventual corte de suministro.<\/p>\n<p>&#8211;<\/p>\n<p>Respaldo de agua y ba\u00f1os: Contamos con un estanque de agua interno y bombas de impulsi\u00f3n para mantener en funcionamiento el evento ante un eventual corte de suministro.[\/vc_custom_heading][vc_empty_space empty_h=\u00bb3&#8243; medium_visibility=\u00bbyes\u00bb mobile_visibility=\u00bbyes\u00bb][\/vc_column_inner][vc_column_inner column_width_percent=\u00bb100&#8243; gutter_size=\u00bb2&#8243; override_padding=\u00bbyes\u00bb column_padding=\u00bb5&#8243; style=\u00bbdark\u00bb overlay_color=\u00bbcolor-jevc\u00bb overlay_alpha=\u00bb10&#8243; shift_x=\u00bb0&#8243; shift_y=\u00bb0&#8243; shift_y_down=\u00bb0&#8243; z_index=\u00bb0&#8243; medium_width=\u00bb0&#8243; mobile_width=\u00bb0&#8243; css_animation=\u00bbalpha-anim\u00bb animation_speed=\u00bb1000&#8243; animation_delay=\u00bb400&#8243; width=\u00bb1\/3&#8243; uncode_shortcode_id=\u00bb209386&#8243; overlay_color_type=\u00bbuncode-palette\u00bb][vc_custom_heading heading_semantic=\u00bbh6&#8243; text_space=\u00bbfontspace-781688&#8243; uncode_shortcode_id=\u00bb605990&#8243;]Sostenibilidad; reciclaje y eficiencia[\/vc_custom_heading][vc_empty_space empty_h=\u00bb2&#8243; medium_visibility=\u00bbyes\u00bb mobile_visibility=\u00bbyes\u00bb][vc_custom_heading text_size=\u00bbh5&#8243; text_weight=\u00bb400&#8243; sub_lead=\u00bbyes\u00bb sub_reduced=\u00bbyes\u00bb uncode_shortcode_id=\u00bb145312&#8243;]Todos los eventos en Entremuros implementan manejo diferenciado de residuos: cart\u00f3n, vidrio, pl\u00e1sticos, latas.<\/p>\n<p>&#8211;<\/p>\n<p>Nuestro sello verde: Protocolo de reciclaje industrial interno, reducci\u00f3n de residuos y manejo de basura.<\/p>\n<p>&#8211;<\/p>\n<p>Bajo costo el\u00e9ctrico por uso de sistema de climatizaci\u00f3n eficiente.[\/vc_custom_heading][vc_empty_space empty_h=\u00bb3&#8243; medium_visibility=\u00bbyes\u00bb mobile_visibility=\u00bbyes\u00bb][\/vc_column_inner][\/vc_row_inner][\/vc_column][\/vc_row][vc_row unlock_row_content=\u00bbyes\u00bb row_height_percent=\u00bb0&#8243; override_padding=\u00bbyes\u00bb h_padding=\u00bb0&#8243; top_padding=\u00bb0&#8243; bottom_padding=\u00bb0&#8243; overlay_alpha=\u00bb100&#8243; gutter_size=\u00bb100&#8243; column_width_percent=\u00bb100&#8243; shift_y=\u00bb0&#8243; z_index=\u00bb0&#8243; style=\u00bbinherited\u00bb][vc_column column_width_percent=\u00bb100&#8243; align_horizontal=\u00bbalign_center\u00bb gutter_size=\u00bb3&#8243; overlay_alpha=\u00bb50&#8243; shift_x=\u00bb0&#8243; shift_y=\u00bb0&#8243; medium_width=\u00bb0&#8243; zoom_width=\u00bb0&#8243; zoom_height=\u00bb0&#8243; width=\u00bb1\/1&#8243;][vc_gallery el_id=\u00bbgallery-958453445&#8243; type=\u00bbcarousel\u00bb medias=\u00bb166354,166434,166419,166348,166364,166361,166356,166406,166377,166346,166370,166336,166445,166532,166484&#8243; carousel_lg=\u00bb5&#8243; carousel_md=\u00bb3&#8243; carousel_sm=\u00bb1&#8243; thumb_size=\u00bbone-one\u00bb gutter_size=\u00bb1&#8243; media_items=\u00bbmedia,icon\u00bb carousel_interval=\u00bb3000&#8243; carousel_navspeed=\u00bb400&#8243; carousel_dots=\u00bbyes\u00bb carousel_dots_mobile=\u00bbyes\u00bb carousel_dots_inside=\u00bbyes\u00bb carousel_dot_padding=\u00bb2&#8243; stage_padding=\u00bb0&#8243; single_overlay_opacity=\u00bb50&#8243; single_text_anim_type=\u00bbbtt\u00bb single_h_align=\u00bbcenter\u00bb single_padding=\u00bb2&#8243; single_icon=\u00bbfa fa-search3&#8243; single_border=\u00bbyes\u00bb single_css_animation=\u00bbbottom-t-top\u00bb single_animation_delay=\u00bb200&#8243; lbox_caption=\u00bbyes\u00bb no_double_tap=\u00bbyes\u00bb carousel_rtl=\u00bb\u00bb single_title_uppercase=\u00bb\u00bb single_title_bold=\u00bb\u00bb single_title_serif=\u00bb\u00bb onclick=\u00bblink_image\u00bb custom_links_target=\u00bb_self\u00bb items=\u00bbeyI4ODY4X2kiOnsic2luZ2xlX3dpZHRoIjoiNCIsInNpbmdsZV9oZWlnaHQiOiI0In0sIjg4NjJfaSI6eyJzaW5nbGVfd2lkdGgiOiI0Iiwic2luZ2xlX2hlaWdodCI6IjQifSwiODg2MF9pIjp7InNpbmdsZV93aWR0aCI6IjQifX0=\u00bb single_half_padding=\u00bb\u00bb single_no_background=\u00bb\u00bb uncode_shortcode_id=\u00bb120535&#8243;][\/vc_column][\/vc_row]<\/p>\n<\/div>","protected":false},"excerpt":{"rendered":"<p>[vc_row row_height_percent=\u00bb70&#8243; override_padding=\u00bbyes\u00bb h_padding=\u00bb2&#8243; top_padding=\u00bb5&#8243; bottom_padding=\u00bb5&#8243; back_color=\u00bbcolor-jevc\u00bb back_image=\u00bb166370&#8243; overlay_color=\u00bbcolor-jevc\u00bb overlay_alpha=\u00bb58&#8243; gutter_size=\u00bb3&#8243; column_width_percent=\u00bb100&#8243; shift_y=\u00bb0&#8243; z_index=\u00bb0&#8243; top_divider=\u00bbgradient\u00bb content_parallax=\u00bb0&#8243; uncode_shortcode_id=\u00bb160096&#8243; back_color_type=\u00bbuncode-palette\u00bb overlay_color_type=\u00bbuncode-palette\u00bb][vc_column column_width_percent=\u00bb100&#8243; [&hellip;]<\/p>\n","protected":false},"author":1,"featured_media":0,"parent":0,"menu_order":0,"comment_status":"closed","ping_status":"closed","template":"","meta":{"footnotes":""},"class_list":["post-166984","page","type-page","status-publish","hentry"],"_hostinger_reach_plugin_has_subscription_block":false,"_hostinger_reach_plugin_is_elementor":false,"_links":{"self":[{"href":"https:\/\/bluemonk.dev\/entremuros\/wp-json\/wp\/v2\/pages\/166984","targetHints":{"allow":["GET"]}}],"collection":[{"href":"https:\/\/bluemonk.dev\/entremuros\/wp-json\/wp\/v2\/pages"}],"about":[{"href":"https:\/\/bluemonk.dev\/entremuros\/wp-json\/wp\/v2\/types\/page"}],"author":[{"embeddable":true,"href":"https:\/\/bluemonk.dev\/entremuros\/wp-json\/wp\/v2\/users\/1"}],"replies":[{"embeddable":true,"href":"https:\/\/bluemonk.dev\/entremuros\/wp-json\/wp\/v2\/comments?post=166984"}],"version-history":[{"count":165,"href":"https:\/\/bluemonk.dev\/entremuros\/wp-json\/wp\/v2\/pages\/166984\/revisions"}],"predecessor-version":[{"id":167740,"href":"https:\/\/bluemonk.dev\/entremuros\/wp-json\/wp\/v2\/pages\/166984\/revisions\/167740"}],"wp:attachment":[{"href":"https:\/\/bluemonk.dev\/entremuros\/wp-json\/wp\/v2\/media?parent=166984"}],"curies":[{"name":"wp","href":"https:\/\/api.w.org\/{rel}","templated":true}]}}