{"id":167643,"date":"2026-01-13T15:26:28","date_gmt":"2026-01-13T15:26:28","guid":{"rendered":"https:\/\/bluemonk.dev\/entremuros\/?page_id=167643"},"modified":"2026-01-26T00:07:42","modified_gmt":"2026-01-26T00:07:42","slug":"eventos-corporativos","status":"publish","type":"page","link":"https:\/\/bluemonk.dev\/entremuros\/eventos-corporativos\/","title":{"rendered":"Eventos Corporativos"},"content":{"rendered":"<div class=\"wpb-content-wrapper\"><p>[vc_row row_height_percent=\u00bb70&#8243; override_padding=\u00bbyes\u00bb h_padding=\u00bb2&#8243; top_padding=\u00bb5&#8243; bottom_padding=\u00bb5&#8243; back_color=\u00bbcolor-wayh\u00bb back_image=\u00bb167662&#8243; back_position=\u00bbcenter top\u00bb overlay_color=\u00bbcolor-prif\u00bb overlay_alpha=\u00bb59&#8243; gutter_size=\u00bb3&#8243; column_width_percent=\u00bb100&#8243; shift_y=\u00bb0&#8243; z_index=\u00bb0&#8243; top_divider=\u00bbgradient\u00bb content_parallax=\u00bb0&#8243; uncode_shortcode_id=\u00bb183033&#8243; back_color_type=\u00bbuncode-palette\u00bb overlay_color_type=\u00bbuncode-palette\u00bb][vc_column column_width_percent=\u00bb100&#8243; position_vertical=\u00bbmiddle\u00bb align_horizontal=\u00bbalign_center\u00bb gutter_size=\u00bb2&#8243; style=\u00bbdark\u00bb overlay_alpha=\u00bb50&#8243; shift_x=\u00bb0&#8243; shift_y=\u00bb0&#8243; shift_y_down=\u00bb0&#8243; z_index=\u00bb0&#8243; medium_width=\u00bb0&#8243; mobile_width=\u00bb0&#8243; width=\u00bb1\/1&#8243; uncode_shortcode_id=\u00bb139635&#8243;][vc_empty_space empty_h=\u00bb3&#8243;][vc_custom_heading text_color=\u00bbcolor-207564&#8243; text_font=\u00bbfont-136269&#8243; text_size=\u00bbh5&#8243; text_weight=\u00bb500&#8243; text_transform=\u00bbuppercase\u00bb text_space=\u00bbfontspace-135905&#8243; css_animation=\u00bbcurtain\u00bb animation_speed=\u00bb1000&#8243; animation_delay=\u00bb200&#8243; interval_animation=\u00bb40&#8243; uncode_shortcode_id=\u00bb865077&#8243; text_color_type=\u00bbuncode-palette\u00bb]Eventos corporativos[\/vc_custom_heading][vc_custom_heading text_font=\u00bbfont-136269&#8243; text_size=\u00bbfontsize-210105&#8243; text_weight=\u00bb300&#8243; text_height=\u00bbfontheight-179065&#8243; sub_lead=\u00bbyes\u00bb sub_reduced=\u00bbyes\u00bb uncode_shortcode_id=\u00bb151956&#8243;]Marcas que crean experiencias estrat\u00e9gicas, fortalecen su imagen y conectan con sus equipos.[\/vc_custom_heading][vc_empty_space empty_h=\u00bb3&#8243;][vc_button button_color=\u00bbcolor-207564&#8243; radius=\u00bbbtn-square\u00bb outline=\u00bbyes\u00bb custom_typo=\u00bbyes\u00bb font_family=\u00bbfont-136269&#8243; font_weight=\u00bb500&#8243; letter_spacing=\u00bbfontspace-135905&#8243; border_width=\u00bb0&#8243; scale_mobile=\u00bbno\u00bb link=\u00bburl:https%3A%2F%2Fbluemonk.dev%2Fentremuros%2Fcotizar%2F|title:Cotizar\u00bb uncode_shortcode_id=\u00bb176674&#8243; button_color_type=\u00bbuncode-palette\u00bb]COTIZAR[\/vc_button][\/vc_column][\/vc_row][vc_row unlock_row_content=\u00bbyes\u00bb row_height_percent=\u00bb0&#8243; override_padding=\u00bbyes\u00bb h_padding=\u00bb0&#8243; top_padding=\u00bb0&#8243; bottom_padding=\u00bb0&#8243; back_color=\u00bbcolor-lxmt\u00bb overlay_alpha=\u00bb50&#8243; equal_height=\u00bbyes\u00bb gutter_size=\u00bb0&#8243; column_width_percent=\u00bb100&#8243; shift_y=\u00bb0&#8243; z_index=\u00bb0&#8243; content_parallax=\u00bb0&#8243; uncode_shortcode_id=\u00bb855148&#8243; back_color_type=\u00bbuncode-palette\u00bb][vc_column column_width_use_pixel=\u00bbyes\u00bb gutter_size=\u00bb3&#8243; override_padding=\u00bbyes\u00bb column_padding=\u00bb5&#8243; overlay_alpha=\u00bb50&#8243; shift_x=\u00bb0&#8243; shift_y=\u00bb0&#8243; shift_y_down=\u00bb0&#8243; z_index=\u00bb0&#8243; medium_width=\u00bb0&#8243; mobile_width=\u00bb0&#8243; width=\u00bb1\/2&#8243; column_width_pixel=\u00bb550&#8243; uncode_shortcode_id=\u00bb105854&#8243;][vc_row_inner][vc_column_inner width=\u00bb1\/1&#8243;][vc_custom_heading text_color=\u00bbaccent\u00bb text_font=\u00bbfont-136269&#8243; text_size=\u00bbh5&#8243; text_weight=\u00bb500&#8243; text_transform=\u00bbuppercase\u00bb text_space=\u00bbfontspace-135905&#8243; css_animation=\u00bbcurtain\u00bb animation_speed=\u00bb1000&#8243; animation_delay=\u00bb200&#8243; interval_animation=\u00bb40&#8243; uncode_shortcode_id=\u00bb342140&#8243; text_color_type=\u00bbuncode-palette\u00bb]planificaci\u00f3n[\/vc_custom_heading][vc_custom_heading text_size=\u00bbfontsize-997648&#8243; uncode_shortcode_id=\u00bb149159&#8243;]Apoyo y log\u00edstica desde el primer d\u00eda hasta la fecha del evento.[\/vc_custom_heading][vc_column_text text_lead=\u00bbyes\u00bb text_color=\u00bbcolor-prif\u00bb uncode_shortcode_id=\u00bb129378&#8243; text_color_type=\u00bbuncode-palette\u00bb]Nuestra forma de trabajar es siempre de forma planificada, anticipando los desaf\u00edos y manteniendo constantemente el equipamiento para entregar un servicio de excelencia.<\/p>\n<p>El equipo interno y los proveedores que trabajan en Entremuros tienen la experiencia y el alto est\u00e1ndar necesarios para asegurar momentos inolvidables.[\/vc_column_text][vc_empty_space empty_h=\u00bb1&#8243;][\/vc_column_inner][\/vc_row_inner][\/vc_column][vc_column column_width_percent=\u00bb100&#8243; gutter_size=\u00bb1&#8243; back_image=\u00bb166399&#8243; overlay_alpha=\u00bb50&#8243; shift_x=\u00bb0&#8243; shift_y=\u00bb0&#8243; shift_y_down=\u00bb0&#8243; z_index=\u00bb0&#8243; medium_width=\u00bb0&#8243; mobile_width=\u00bb0&#8243; width=\u00bb1\/2&#8243; mobile_height=\u00bb340&#8243; uncode_shortcode_id=\u00bb655138&#8243;][\/vc_column][\/vc_row][vc_row unlock_row_content=\u00bbyes\u00bb row_height_percent=\u00bb0&#8243; override_padding=\u00bbyes\u00bb h_padding=\u00bb0&#8243; top_padding=\u00bb0&#8243; bottom_padding=\u00bb0&#8243; back_color=\u00bbcolor-lxmt\u00bb overlay_alpha=\u00bb50&#8243; equal_height=\u00bbyes\u00bb gutter_size=\u00bb0&#8243; column_width_percent=\u00bb100&#8243; shift_y=\u00bb0&#8243; z_index=\u00bb0&#8243; content_parallax=\u00bb0&#8243; uncode_shortcode_id=\u00bb148881&#8243; back_color_type=\u00bbuncode-palette\u00bb][vc_column column_width_percent=\u00bb100&#8243; gutter_size=\u00bb1&#8243; back_image=\u00bb167670&#8243; overlay_alpha=\u00bb50&#8243; shift_x=\u00bb0&#8243; shift_y=\u00bb0&#8243; shift_y_down=\u00bb0&#8243; z_index=\u00bb0&#8243; medium_width=\u00bb0&#8243; mobile_width=\u00bb0&#8243; width=\u00bb1\/2&#8243; mobile_height=\u00bb340&#8243; uncode_shortcode_id=\u00bb174825&#8243;][\/vc_column][vc_column column_width_use_pixel=\u00bbyes\u00bb gutter_size=\u00bb3&#8243; override_padding=\u00bbyes\u00bb column_padding=\u00bb5&#8243; overlay_alpha=\u00bb50&#8243; shift_x=\u00bb0&#8243; shift_y=\u00bb0&#8243; shift_y_down=\u00bb0&#8243; z_index=\u00bb0&#8243; medium_width=\u00bb0&#8243; mobile_width=\u00bb0&#8243; width=\u00bb1\/2&#8243; column_width_pixel=\u00bb600&#8243; uncode_shortcode_id=\u00bb549606&#8243;][vc_custom_heading text_color=\u00bbcolor-207564&#8243; text_font=\u00bbfont-136269&#8243; text_size=\u00bbh5&#8243; text_weight=\u00bb500&#8243; text_transform=\u00bbuppercase\u00bb text_space=\u00bbfontspace-135905&#8243; css_animation=\u00bbcurtain\u00bb animation_speed=\u00bb1000&#8243; animation_delay=\u00bb200&#8243; interval_animation=\u00bb40&#8243; uncode_shortcode_id=\u00bb117284&#8243; text_color_type=\u00bbuncode-palette\u00bb]eventos con sello \u00fanico[\/vc_custom_heading][vc_custom_heading text_size=\u00bbfontsize-155944&#8243; uncode_shortcode_id=\u00bb145954&#8243;]Excelencia para quienes viven el evento y para quienes lo hacen posible.[\/vc_custom_heading][vc_column_text text_lead=\u00bbyes\u00bb uncode_shortcode_id=\u00bb194103&#8243;]Detalles que marcan la diferencia como reuniones de equipo, espacios preferenciales y soluciones a medida para cada idea.<\/p>\n<p>Te invitamos a conocer nuestros espacios pensados para que tu evento sea inolvidable.[\/vc_column_text][vc_empty_space empty_h=\u00bb1&#8243;][vc_row_inner][vc_column_inner column_width_percent=\u00bb100&#8243; gutter_size=\u00bb3&#8243; overlay_alpha=\u00bb50&#8243; shift_x=\u00bb0&#8243; shift_y=\u00bb0&#8243; shift_y_down=\u00bb0&#8243; z_index=\u00bb0&#8243; medium_width=\u00bb4&#8243; mobile_width=\u00bb0&#8243; width=\u00bb1\/2&#8243;][vc_custom_heading text_color=\u00bbcolor-prif\u00bb heading_semantic=\u00bbh3&#8243; text_size=\u00bbh4&#8243; sub_lead=\u00bbyes\u00bb sub_reduced=\u00bbyes\u00bb subheading=\u00bbAcceso de llegada techado ideal para d\u00edas fr\u00edos o de lluvia hasta zona de banqueter\u00eda con conexi\u00f3n directa y \u00e1reas de descarga especiales.\u00bb uncode_shortcode_id=\u00bb194480&#8243; text_color_type=\u00bbuncode-palette\u00bb]Accesos inteligentes[\/vc_custom_heading][\/vc_column_inner][vc_column_inner column_width_percent=\u00bb100&#8243; gutter_size=\u00bb3&#8243; overlay_alpha=\u00bb50&#8243; shift_x=\u00bb0&#8243; shift_y=\u00bb0&#8243; shift_y_down=\u00bb0&#8243; z_index=\u00bb0&#8243; medium_width=\u00bb4&#8243; mobile_width=\u00bb0&#8243; width=\u00bb1\/2&#8243;][vc_custom_heading text_color=\u00bbcolor-prif\u00bb heading_semantic=\u00bbh3&#8243; text_size=\u00bbh4&#8243; sub_lead=\u00bbyes\u00bb sub_reduced=\u00bbyes\u00bb subheading=\u00bbSomos experto en coordinar la log\u00edstica y asegurar un evento memorable para tu empresa.\u00bb uncode_shortcode_id=\u00bb199213&#8243; text_color_type=\u00bbuncode-palette\u00bb]Ejecuci\u00f3n perfecta[\/vc_custom_heading][\/vc_column_inner][\/vc_row_inner][\/vc_column][\/vc_row][vc_row unlock_row_content=\u00bbyes\u00bb row_height_percent=\u00bb0&#8243; override_padding=\u00bbyes\u00bb h_padding=\u00bb0&#8243; top_padding=\u00bb0&#8243; bottom_padding=\u00bb0&#8243; overlay_alpha=\u00bb50&#8243; equal_height=\u00bbyes\u00bb gutter_size=\u00bb0&#8243; column_width_percent=\u00bb100&#8243; shift_y=\u00bb0&#8243; z_index=\u00bb0&#8243; content_parallax=\u00bb0&#8243; uncode_shortcode_id=\u00bb212813&#8243;][vc_column column_width_percent=\u00bb100&#8243; gutter_size=\u00bb3&#8243; override_padding=\u00bbyes\u00bb column_padding=\u00bb4&#8243; style=\u00bbdark\u00bb back_image=\u00bb167693&#8243; parallax=\u00bbyes\u00bb overlay_alpha=\u00bb98&#8243; shift_x=\u00bb0&#8243; shift_y=\u00bb0&#8243; shift_y_down=\u00bb0&#8243; z_index=\u00bb0&#8243; align_medium=\u00bbalign_center_tablet\u00bb medium_width=\u00bb0&#8243; align_mobile=\u00bbalign_center_mobile\u00bb mobile_width=\u00bb0&#8243; width=\u00bb1\/4&#8243; uncode_shortcode_id=\u00bb455971&#8243;][vc_custom_heading heading_semantic=\u00bbh3&#8243; text_size=\u00bbh3&#8243; text_weight=\u00bb500&#8243; text_uppercase=\u00bb\u00bb text_align=\u00bbtext-left\u00bb uncode_shortcode_id=\u00bb188673&#8243;]Eventos memorables, pensados y ejecutados con la m\u00e1xima dedicaci\u00f3n.[\/vc_custom_heading][\/vc_column][vc_column column_width_percent=\u00bb100&#8243; gutter_size=\u00bb3&#8243; override_padding=\u00bbyes\u00bb column_padding=\u00bb4&#8243; back_color=\u00bbcolor-lxmt\u00bb overlay_alpha=\u00bb50&#8243; shift_x=\u00bb0&#8243; shift_y=\u00bb0&#8243; shift_y_down=\u00bb0&#8243; z_index=\u00bb0&#8243; align_medium=\u00bbalign_center_tablet\u00bb medium_width=\u00bb0&#8243; align_mobile=\u00bbalign_center_mobile\u00bb mobile_width=\u00bb0&#8243; width=\u00bb1\/4&#8243; uncode_shortcode_id=\u00bb195990&#8243; back_color_type=\u00bbuncode-palette\u00bb][vc_custom_heading heading_semantic=\u00bbh3&#8243; text_size=\u00bbh3&#8243; text_uppercase=\u00bb\u00bb text_align=\u00bbtext-left\u00bb uncode_shortcode_id=\u00bb470547&#8243;]Zona de banqueter\u00eda con acceso directo y \u00e1reas de descarga especiales.[\/vc_custom_heading][vc_column_text text_lead=\u00bbyes\u00bb text_color=\u00bbcolor-prif\u00bb uncode_shortcode_id=\u00bb211909&#8243; text_color_type=\u00bbuncode-palette\u00bb]Acceso habilitado para camiones, furgones, foodtrucks, etc.[\/vc_column_text][vc_column_text text_lead=\u00bbyes\u00bb text_color=\u00bbcolor-prif\u00bb uncode_shortcode_id=\u00bb504489&#8243; text_color_type=\u00bbuncode-palette\u00bb]<span class=\"a_GcMg font-feature-liga-off font-feature-clig-off font-feature-calt-off text-decoration-none text-strikethrough-none\">Espacios complementarios: Guardarropia monitoreada, ba\u00f1os con accesibilidad universal, zonas de muda y lactancia.<\/span>[\/vc_column_text][\/vc_column][vc_column column_width_percent=\u00bb100&#8243; gutter_size=\u00bb3&#8243; override_padding=\u00bbyes\u00bb column_padding=\u00bb4&#8243; style=\u00bbdark\u00bb back_color=\u00bbaccent\u00bb overlay_alpha=\u00bb50&#8243; shift_x=\u00bb0&#8243; shift_y=\u00bb0&#8243; shift_y_down=\u00bb0&#8243; z_index=\u00bb0&#8243; align_medium=\u00bbalign_center_tablet\u00bb medium_width=\u00bb0&#8243; align_mobile=\u00bbalign_center_mobile\u00bb mobile_width=\u00bb0&#8243; width=\u00bb1\/4&#8243; uncode_shortcode_id=\u00bb136755&#8243; back_color_type=\u00bbuncode-palette\u00bb][vc_custom_heading heading_semantic=\u00bbh3&#8243; text_size=\u00bbh3&#8243; text_uppercase=\u00bb\u00bb text_align=\u00bbtext-left\u00bb uncode_shortcode_id=\u00bb202154&#8243;]Higiene y certificaci\u00f3n de espacios (cocina) y manejos de alimentos (banqueteros).[\/vc_custom_heading][vc_column_text text_lead=\u00bbyes\u00bb text_color=\u00bbcolor-xsdn\u00bb uncode_shortcode_id=\u00bb622192&#8243; text_color_type=\u00bbuncode-palette\u00bb]<span class=\"a_GcMg font-feature-liga-off font-feature-clig-off font-feature-calt-off text-decoration-none text-strikethrough-none\">El equipo interno y los proveedores que trabajan en Entremuros tienen la experiencia y el alto est\u00e1ndar necesarios para asegurar momentos inolvidables.<\/span>[\/vc_column_text][\/vc_column][vc_column column_width_percent=\u00bb100&#8243; gutter_size=\u00bb3&#8243; override_padding=\u00bbyes\u00bb column_padding=\u00bb4&#8243; back_image=\u00bb167689&#8243; overlay_alpha=\u00bb50&#8243; shift_x=\u00bb0&#8243; shift_y=\u00bb0&#8243; shift_y_down=\u00bb0&#8243; z_index=\u00bb0&#8243; medium_width=\u00bb0&#8243; mobile_width=\u00bb0&#8243; width=\u00bb1\/4&#8243; mobile_height=\u00bb280&#8243; uncode_shortcode_id=\u00bb141626&#8243;][\/vc_column][\/vc_row][vc_row row_height_percent=\u00bb0&#8243; override_padding=\u00bbyes\u00bb h_padding=\u00bb2&#8243; top_padding=\u00bb4&#8243; bottom_padding=\u00bb3&#8243; overlay_alpha=\u00bb50&#8243; gutter_size=\u00bb3&#8243; column_width_percent=\u00bb100&#8243; shift_y=\u00bb0&#8243; z_index=\u00bb0&#8243; content_parallax=\u00bb0&#8243; uncode_shortcode_id=\u00bb106392&#8243;][vc_column column_width_use_pixel=\u00bbyes\u00bb align_horizontal=\u00bbalign_center\u00bb gutter_size=\u00bb3&#8243; overlay_alpha=\u00bb50&#8243; shift_x=\u00bb0&#8243; shift_y=\u00bb0&#8243; shift_y_down=\u00bb0&#8243; z_index=\u00bb0&#8243; medium_width=\u00bb0&#8243; mobile_width=\u00bb0&#8243; width=\u00bb1\/1&#8243; column_width_pixel=\u00bb900&#8243;][vc_custom_heading text_color=\u00bbcolor-207564&#8243; text_font=\u00bbfont-136269&#8243; text_size=\u00bbh5&#8243; text_weight=\u00bb500&#8243; text_transform=\u00bbuppercase\u00bb text_space=\u00bbfontspace-135905&#8243; css_animation=\u00bbcurtain\u00bb animation_speed=\u00bb1000&#8243; animation_delay=\u00bb200&#8243; interval_animation=\u00bb40&#8243; uncode_shortcode_id=\u00bb735938&#8243; text_color_type=\u00bbuncode-palette\u00bb]temporadas[\/vc_custom_heading][vc_custom_heading text_size=\u00bbfontsize-155944&#8243; uncode_shortcode_id=\u00bb213174&#8243;]Inviernos y veranos \u00fanicos.[\/vc_custom_heading][vc_column_text text_lead=\u00bbyes\u00bb uncode_shortcode_id=\u00bb124712&#8243;]En verano, nuestros espacios abiertos y \u00e1reas verdes enmarcan celebraciones luminosas y memorables; en invierno, el sal\u00f3n climatizado y la infraestructura cerrada aseguran confort, continuidad operativa y una atm\u00f3sfera c\u00e1lida sin importar el clima.[\/vc_column_text][vc_empty_space empty_h=\u00bb1&#8243;][uncode_twentytwenty media_before=\u00bb166417&#8243; media_after=\u00bb166348&#8243;][vc_empty_space empty_h=\u00bb1&#8243;][vc_button button_color=\u00bbcolor-207564&#8243; radius=\u00bbbtn-square\u00bb outline=\u00bbyes\u00bb custom_typo=\u00bbyes\u00bb font_family=\u00bbfont-136269&#8243; font_weight=\u00bb500&#8243; letter_spacing=\u00bbfontspace-135905&#8243; border_width=\u00bb0&#8243; scale_mobile=\u00bbno\u00bb link=\u00bburl:https%3A%2F%2Fbluemonk.dev%2Fentremuros%2Fcotizar%2F|title:Cotizar\u00bb uncode_shortcode_id=\u00bb176674&#8243; button_color_type=\u00bbuncode-palette\u00bb]COTIZAR[\/vc_button][\/vc_column][\/vc_row][vc_row unlock_row_content=\u00bbyes\u00bb row_height_percent=\u00bb0&#8243; override_padding=\u00bbyes\u00bb h_padding=\u00bb0&#8243; top_padding=\u00bb0&#8243; bottom_padding=\u00bb0&#8243; overlay_alpha=\u00bb100&#8243; gutter_size=\u00bb100&#8243; column_width_percent=\u00bb100&#8243; shift_y=\u00bb0&#8243; z_index=\u00bb0&#8243; style=\u00bbinherited\u00bb][vc_column column_width_percent=\u00bb100&#8243; align_horizontal=\u00bbalign_center\u00bb gutter_size=\u00bb3&#8243; overlay_alpha=\u00bb50&#8243; shift_x=\u00bb0&#8243; shift_y=\u00bb0&#8243; medium_width=\u00bb0&#8243; zoom_width=\u00bb0&#8243; zoom_height=\u00bb0&#8243; width=\u00bb1\/1&#8243;][vc_gallery el_id=\u00bbgallery-958453445&#8243; type=\u00bbcarousel\u00bb medias=\u00bb167708,166354,167707,166445,166434,167689,167699,167712,166356,167705,167706,167704,167703,167713,167702,167696,166348,167691,167698,167700,167701,167693&#8243; carousel_lg=\u00bb5&#8243; carousel_md=\u00bb3&#8243; carousel_sm=\u00bb1&#8243; thumb_size=\u00bbone-one\u00bb gutter_size=\u00bb1&#8243; media_items=\u00bbmedia,icon\u00bb carousel_interval=\u00bb3000&#8243; carousel_navspeed=\u00bb400&#8243; carousel_dots=\u00bbyes\u00bb carousel_dots_mobile=\u00bbyes\u00bb carousel_dots_inside=\u00bbyes\u00bb carousel_dot_padding=\u00bb2&#8243; stage_padding=\u00bb0&#8243; single_overlay_opacity=\u00bb50&#8243; single_text_anim_type=\u00bbbtt\u00bb single_h_align=\u00bbcenter\u00bb single_padding=\u00bb2&#8243; single_icon=\u00bbfa fa-search3&#8243; single_border=\u00bbyes\u00bb single_css_animation=\u00bbbottom-t-top\u00bb single_animation_delay=\u00bb200&#8243; lbox_caption=\u00bbyes\u00bb no_double_tap=\u00bbyes\u00bb carousel_rtl=\u00bb\u00bb single_title_uppercase=\u00bb\u00bb single_title_bold=\u00bb\u00bb single_title_serif=\u00bb\u00bb onclick=\u00bblink_image\u00bb custom_links_target=\u00bb_self\u00bb items=\u00bbeyI4ODY4X2kiOnsic2luZ2xlX3dpZHRoIjoiNCIsInNpbmdsZV9oZWlnaHQiOiI0In0sIjg4NjJfaSI6eyJzaW5nbGVfd2lkdGgiOiI0Iiwic2luZ2xlX2hlaWdodCI6IjQifSwiODg2MF9pIjp7InNpbmdsZV93aWR0aCI6IjQifX0=\u00bb single_half_padding=\u00bb\u00bb single_no_background=\u00bb\u00bb uncode_shortcode_id=\u00bb475395&#8243;][\/vc_column][\/vc_row]<\/p>\n<\/div>","protected":false},"excerpt":{"rendered":"<p>[vc_row row_height_percent=\u00bb70&#8243; override_padding=\u00bbyes\u00bb h_padding=\u00bb2&#8243; top_padding=\u00bb5&#8243; bottom_padding=\u00bb5&#8243; back_color=\u00bbcolor-wayh\u00bb back_image=\u00bb167662&#8243; back_position=\u00bbcenter top\u00bb overlay_color=\u00bbcolor-prif\u00bb overlay_alpha=\u00bb59&#8243; gutter_size=\u00bb3&#8243; column_width_percent=\u00bb100&#8243; shift_y=\u00bb0&#8243; z_index=\u00bb0&#8243; top_divider=\u00bbgradient\u00bb content_parallax=\u00bb0&#8243; uncode_shortcode_id=\u00bb183033&#8243; back_color_type=\u00bbuncode-palette\u00bb [&hellip;]<\/p>\n","protected":false},"author":1,"featured_media":0,"parent":0,"menu_order":0,"comment_status":"closed","ping_status":"closed","template":"","meta":{"footnotes":""},"class_list":["post-167643","page","type-page","status-publish","hentry"],"_hostinger_reach_plugin_has_subscription_block":false,"_hostinger_reach_plugin_is_elementor":false,"_links":{"self":[{"href":"https:\/\/bluemonk.dev\/entremuros\/wp-json\/wp\/v2\/pages\/167643","targetHints":{"allow":["GET"]}}],"collection":[{"href":"https:\/\/bluemonk.dev\/entremuros\/wp-json\/wp\/v2\/pages"}],"about":[{"href":"https:\/\/bluemonk.dev\/entremuros\/wp-json\/wp\/v2\/types\/page"}],"author":[{"embeddable":true,"href":"https:\/\/bluemonk.dev\/entremuros\/wp-json\/wp\/v2\/users\/1"}],"replies":[{"embeddable":true,"href":"https:\/\/bluemonk.dev\/entremuros\/wp-json\/wp\/v2\/comments?post=167643"}],"version-history":[{"count":34,"href":"https:\/\/bluemonk.dev\/entremuros\/wp-json\/wp\/v2\/pages\/167643\/revisions"}],"predecessor-version":[{"id":167719,"href":"https:\/\/bluemonk.dev\/entremuros\/wp-json\/wp\/v2\/pages\/167643\/revisions\/167719"}],"wp:attachment":[{"href":"https:\/\/bluemonk.dev\/entremuros\/wp-json\/wp\/v2\/media?parent=167643"}],"curies":[{"name":"wp","href":"https:\/\/api.w.org\/{rel}","templated":true}]}}